{"id":17493,"date":"2025-09-29T11:59:13","date_gmt":"2025-09-29T09:59:13","guid":{"rendered":"https:\/\/lettresdepoilus-pays-de-ploermel.fr\/?page_id=17493"},"modified":"2025-10-04T09:09:12","modified_gmt":"2025-10-04T07:09:12","slug":"jean-baptiste-lemoine-a-ecrit","status":"publish","type":"page","link":"https:\/\/lettresdepoilus-pays-de-ploermel.fr\/index.php\/jean-baptiste-lemoine-a-ecrit\/","title":{"rendered":"Jean-Baptiste LEMOINE a \u00e9crit &#8230;"},"content":{"rendered":"\n<div class=\"wp-block-columns is-layout-flex wp-container-core-columns-is-layout-9d6595d7 wp-block-columns-is-layout-flex\">\n<div class=\"wp-block-column is-layout-flow wp-block-column-is-layout-flow\">\n<figure class=\"wp-block-image size-large\"><img fetchpriority=\"high\" decoding=\"async\" width=\"1024\" height=\"653\" src=\"https:\/\/lettresdepoilus-pays-de-ploermel.fr\/wp-content\/uploads\/2025\/09\/007Photo-JB-Lemoine-Joseph-1024x653.jpg\" alt=\"\" class=\"wp-image-17622\" srcset=\"https:\/\/lettresdepoilus-pays-de-ploermel.fr\/wp-content\/uploads\/2025\/09\/007Photo-JB-Lemoine-Joseph-1024x653.jpg 1024w, https:\/\/lettresdepoilus-pays-de-ploermel.fr\/wp-content\/uploads\/2025\/09\/007Photo-JB-Lemoine-Joseph-300x191.jpg 300w, https:\/\/lettresdepoilus-pays-de-ploermel.fr\/wp-content\/uploads\/2025\/09\/007Photo-JB-Lemoine-Joseph-768x490.jpg 768w, https:\/\/lettresdepoilus-pays-de-ploermel.fr\/wp-content\/uploads\/2025\/09\/007Photo-JB-Lemoine-Joseph-1536x980.jpg 1536w, https:\/\/lettresdepoilus-pays-de-ploermel.fr\/wp-content\/uploads\/2025\/09\/007Photo-JB-Lemoine-Joseph-2048x1307.jpg 2048w, https:\/\/lettresdepoilus-pays-de-ploermel.fr\/wp-content\/uploads\/2025\/09\/007Photo-JB-Lemoine-Joseph-1140x727.jpg 1140w\" sizes=\"(max-width: 1024px) 100vw, 1024px\" \/><\/figure>\n<\/div>\n\n\n\n<div class=\"wp-block-column is-layout-flow wp-block-column-is-layout-flow\">\n<figure class=\"wp-block-image size-full\"><img decoding=\"async\" src=\"https:\/\/lettresdepoilus-pays-de-ploermel.fr\/wp-content\/uploads\/2025\/09\/007Texte-JB-Lemoine-Joseph.jpg\" alt=\"\" class=\"wp-image-17495\"\/><\/figure>\n<\/div>\n<\/div>\n\n\n\n<p class=\"has-background has-medium-font-size\" style=\"background-color:#93f4d1\"><em><strong>Brest, le 4 octobre 1914.<\/strong><br>Jean-Baptiste Lemoine \u00e0 Joseph Amiaux<\/em>.                                                                                       <em>G. Pattier a d\u00fb vous souhaiter le bonjour de ma part, je ne l&rsquo;ai pas vu depuis son retour de permission, il est parti a 5 km de Brest. Je suis toujours en bonne sant\u00e9 et j&rsquo;esp\u00e8re que vous \u00eates tous ainsi. Donnez moi quelques nouvelles du pays cela me fera plaisir, en attendant le plaisir de se revoir.<br>Je vous embrasse tous.<br>Jean-Baptiste. Territorial &#8211; 3e R\u00e9giment Art.40.<\/em><\/p>\n\n\n\n<hr class=\"wp-block-separator has-alpha-channel-opacity\"\/>\n\n\n\n<div class=\"wp-block-columns is-layout-flex wp-container-core-columns-is-layout-9d6595d7 wp-block-columns-is-layout-flex\">\n<div class=\"wp-block-column is-layout-flow wp-block-column-is-layout-flow\">\n<figure class=\"wp-block-image size-large\"><img decoding=\"async\" width=\"1024\" height=\"645\" src=\"https:\/\/lettresdepoilus-pays-de-ploermel.fr\/wp-content\/uploads\/2025\/10\/062Texte-LemoineJB-VvLemoine-1024x645.jpg\" alt=\"\" class=\"wp-image-17782\" srcset=\"https:\/\/lettresdepoilus-pays-de-ploermel.fr\/wp-content\/uploads\/2025\/10\/062Texte-LemoineJB-VvLemoine-1024x645.jpg 1024w, https:\/\/lettresdepoilus-pays-de-ploermel.fr\/wp-content\/uploads\/2025\/10\/062Texte-LemoineJB-VvLemoine-300x189.jpg 300w, https:\/\/lettresdepoilus-pays-de-ploermel.fr\/wp-content\/uploads\/2025\/10\/062Texte-LemoineJB-VvLemoine-768x484.jpg 768w, https:\/\/lettresdepoilus-pays-de-ploermel.fr\/wp-content\/uploads\/2025\/10\/062Texte-LemoineJB-VvLemoine-1536x968.jpg 1536w, https:\/\/lettresdepoilus-pays-de-ploermel.fr\/wp-content\/uploads\/2025\/10\/062Texte-LemoineJB-VvLemoine-2048x1290.jpg 2048w, https:\/\/lettresdepoilus-pays-de-ploermel.fr\/wp-content\/uploads\/2025\/10\/062Texte-LemoineJB-VvLemoine-1140x718.jpg 1140w\" sizes=\"(max-width: 1024px) 100vw, 1024px\" \/><\/figure>\n<\/div>\n\n\n\n<div class=\"wp-block-column is-layout-flow wp-block-column-is-layout-flow\">\n<figure class=\"wp-block-image size-large\"><img decoding=\"async\" width=\"1024\" height=\"656\" src=\"https:\/\/lettresdepoilus-pays-de-ploermel.fr\/wp-content\/uploads\/2025\/10\/062Photo-LemoineJB-VvLemoine-1024x656.jpg\" alt=\"\" class=\"wp-image-17783\" srcset=\"https:\/\/lettresdepoilus-pays-de-ploermel.fr\/wp-content\/uploads\/2025\/10\/062Photo-LemoineJB-VvLemoine-1024x656.jpg 1024w, https:\/\/lettresdepoilus-pays-de-ploermel.fr\/wp-content\/uploads\/2025\/10\/062Photo-LemoineJB-VvLemoine-300x192.jpg 300w, https:\/\/lettresdepoilus-pays-de-ploermel.fr\/wp-content\/uploads\/2025\/10\/062Photo-LemoineJB-VvLemoine-768x492.jpg 768w, https:\/\/lettresdepoilus-pays-de-ploermel.fr\/wp-content\/uploads\/2025\/10\/062Photo-LemoineJB-VvLemoine-1536x984.jpg 1536w, https:\/\/lettresdepoilus-pays-de-ploermel.fr\/wp-content\/uploads\/2025\/10\/062Photo-LemoineJB-VvLemoine-2048x1312.jpg 2048w, https:\/\/lettresdepoilus-pays-de-ploermel.fr\/wp-content\/uploads\/2025\/10\/062Photo-LemoineJB-VvLemoine-1140x730.jpg 1140w\" sizes=\"(max-width: 1024px) 100vw, 1024px\" \/><\/figure>\n<\/div>\n<\/div>\n\n\n\n<p class=\"has-background has-medium-font-size\" style=\"background-color:#93f4d1\"> <strong><em>St Cyr, le 2 d\u00e9cembre 1914.<\/em><\/strong>                                                                                                         <em>Ma ch\u00e8re m\u00e8re,<\/em>  <em>Je viens de recevoir une carte d&rsquo;Eug\u00e9nie et une de Rose. Les correspondances mettent du temps \u00e0 venir. Ici, rien de nouveau ; je suis dans un fort depuis quinze jours et je ne sors pas beaucoup. En attendant le plaisir de te voir. je t&#8217;embrasse.<br>Jean Baptiste Lemoine.<\/em><\/p>\n\n\n\n<hr class=\"wp-block-separator has-alpha-channel-opacity\"\/>\n\n\n\n<div class=\"wp-block-columns is-layout-flex wp-container-core-columns-is-layout-9d6595d7 wp-block-columns-is-layout-flex\">\n<div class=\"wp-block-column is-layout-flow wp-block-column-is-layout-flow\">\n<figure class=\"wp-block-image size-large is-resized\"><img loading=\"lazy\" decoding=\"async\" width=\"650\" height=\"1024\" src=\"https:\/\/lettresdepoilus-pays-de-ploermel.fr\/wp-content\/uploads\/2025\/09\/011Photo-JB-Lemoine-MrAmiaux-650x1024.jpg\" alt=\"\" class=\"wp-image-17621\" style=\"width:319px;height:auto\" srcset=\"https:\/\/lettresdepoilus-pays-de-ploermel.fr\/wp-content\/uploads\/2025\/09\/011Photo-JB-Lemoine-MrAmiaux-650x1024.jpg 650w, https:\/\/lettresdepoilus-pays-de-ploermel.fr\/wp-content\/uploads\/2025\/09\/011Photo-JB-Lemoine-MrAmiaux-190x300.jpg 190w, https:\/\/lettresdepoilus-pays-de-ploermel.fr\/wp-content\/uploads\/2025\/09\/011Photo-JB-Lemoine-MrAmiaux-768x1211.jpg 768w, https:\/\/lettresdepoilus-pays-de-ploermel.fr\/wp-content\/uploads\/2025\/09\/011Photo-JB-Lemoine-MrAmiaux-974x1536.jpg 974w, https:\/\/lettresdepoilus-pays-de-ploermel.fr\/wp-content\/uploads\/2025\/09\/011Photo-JB-Lemoine-MrAmiaux-1299x2048.jpg 1299w, https:\/\/lettresdepoilus-pays-de-ploermel.fr\/wp-content\/uploads\/2025\/09\/011Photo-JB-Lemoine-MrAmiaux-1140x1797.jpg 1140w, https:\/\/lettresdepoilus-pays-de-ploermel.fr\/wp-content\/uploads\/2025\/09\/011Photo-JB-Lemoine-MrAmiaux-scaled.jpg 1624w\" sizes=\"(max-width: 650px) 100vw, 650px\" \/><\/figure>\n<\/div>\n\n\n\n<div class=\"wp-block-column is-layout-flow wp-block-column-is-layout-flow\">\n<figure class=\"wp-block-image size-large\"><img loading=\"lazy\" decoding=\"async\" width=\"1024\" height=\"652\" src=\"https:\/\/lettresdepoilus-pays-de-ploermel.fr\/wp-content\/uploads\/2025\/09\/011Texte-JB-Lemoine-Mr-Amiaux-1024x652.jpg\" alt=\"\" class=\"wp-image-17497\" srcset=\"https:\/\/lettresdepoilus-pays-de-ploermel.fr\/wp-content\/uploads\/2025\/09\/011Texte-JB-Lemoine-Mr-Amiaux-1024x652.jpg 1024w, https:\/\/lettresdepoilus-pays-de-ploermel.fr\/wp-content\/uploads\/2025\/09\/011Texte-JB-Lemoine-Mr-Amiaux-300x191.jpg 300w, https:\/\/lettresdepoilus-pays-de-ploermel.fr\/wp-content\/uploads\/2025\/09\/011Texte-JB-Lemoine-Mr-Amiaux-768x489.jpg 768w, https:\/\/lettresdepoilus-pays-de-ploermel.fr\/wp-content\/uploads\/2025\/09\/011Texte-JB-Lemoine-Mr-Amiaux-1536x977.jpg 1536w, https:\/\/lettresdepoilus-pays-de-ploermel.fr\/wp-content\/uploads\/2025\/09\/011Texte-JB-Lemoine-Mr-Amiaux-2048x1303.jpg 2048w, https:\/\/lettresdepoilus-pays-de-ploermel.fr\/wp-content\/uploads\/2025\/09\/011Texte-JB-Lemoine-Mr-Amiaux-1140x725.jpg 1140w\" sizes=\"(max-width: 1024px) 100vw, 1024px\" \/><\/figure>\n<\/div>\n<\/div>\n\n\n\n<p class=\"has-background has-medium-font-size\" style=\"background-color:#93f4d1\"><strong><em>Saint Cyr, le 28 d\u00e9cembre 1914.<\/em><\/strong><br><br><em>Correspondance militaire<br>Jean-Baptiste Lemoine \u00e0 Joseph Amiaux.<\/em> <em>Je vous envoie mes meilleurs v\u0153ux et souhaits de bonne et heureuse ann\u00e9e et de bonne sant\u00e9. Qu&rsquo;elle soit meilleure que les cinq mois que nous venons d&rsquo;\u00e9prouver. Je vous embrasse tous. Votre fr\u00e8re qui vous aime.<br>Jean-Baptiste Lemoine<\/em>.<\/p>\n\n\n\n<hr class=\"wp-block-separator has-alpha-channel-opacity\"\/>\n\n\n\n<div class=\"wp-block-columns is-layout-flex wp-container-core-columns-is-layout-9d6595d7 wp-block-columns-is-layout-flex\">\n<div class=\"wp-block-column is-layout-flow wp-block-column-is-layout-flow\">\n<figure class=\"wp-block-image size-large\"><img loading=\"lazy\" decoding=\"async\" width=\"1024\" height=\"649\" src=\"https:\/\/lettresdepoilus-pays-de-ploermel.fr\/wp-content\/uploads\/2025\/09\/014Photo-JB-Lemoine-Mr-Amiaux-1024x649.jpg\" alt=\"\" class=\"wp-image-17620\" srcset=\"https:\/\/lettresdepoilus-pays-de-ploermel.fr\/wp-content\/uploads\/2025\/09\/014Photo-JB-Lemoine-Mr-Amiaux-1024x649.jpg 1024w, https:\/\/lettresdepoilus-pays-de-ploermel.fr\/wp-content\/uploads\/2025\/09\/014Photo-JB-Lemoine-Mr-Amiaux-300x190.jpg 300w, https:\/\/lettresdepoilus-pays-de-ploermel.fr\/wp-content\/uploads\/2025\/09\/014Photo-JB-Lemoine-Mr-Amiaux-768x487.jpg 768w, https:\/\/lettresdepoilus-pays-de-ploermel.fr\/wp-content\/uploads\/2025\/09\/014Photo-JB-Lemoine-Mr-Amiaux-1536x974.jpg 1536w, https:\/\/lettresdepoilus-pays-de-ploermel.fr\/wp-content\/uploads\/2025\/09\/014Photo-JB-Lemoine-Mr-Amiaux-2048x1299.jpg 2048w, https:\/\/lettresdepoilus-pays-de-ploermel.fr\/wp-content\/uploads\/2025\/09\/014Photo-JB-Lemoine-Mr-Amiaux-1140x723.jpg 1140w\" sizes=\"(max-width: 1024px) 100vw, 1024px\" \/><\/figure>\n<\/div>\n\n\n\n<div class=\"wp-block-column is-layout-flow wp-block-column-is-layout-flow\">\n<figure class=\"wp-block-image size-large\"><img loading=\"lazy\" decoding=\"async\" width=\"1024\" height=\"649\" src=\"https:\/\/lettresdepoilus-pays-de-ploermel.fr\/wp-content\/uploads\/2025\/09\/014Texte-JB-Lemoine-Mr-Amiaux-1024x649.jpg\" alt=\"\" class=\"wp-image-17499\" srcset=\"https:\/\/lettresdepoilus-pays-de-ploermel.fr\/wp-content\/uploads\/2025\/09\/014Texte-JB-Lemoine-Mr-Amiaux-1024x649.jpg 1024w, https:\/\/lettresdepoilus-pays-de-ploermel.fr\/wp-content\/uploads\/2025\/09\/014Texte-JB-Lemoine-Mr-Amiaux-300x190.jpg 300w, https:\/\/lettresdepoilus-pays-de-ploermel.fr\/wp-content\/uploads\/2025\/09\/014Texte-JB-Lemoine-Mr-Amiaux-768x487.jpg 768w, https:\/\/lettresdepoilus-pays-de-ploermel.fr\/wp-content\/uploads\/2025\/09\/014Texte-JB-Lemoine-Mr-Amiaux-1536x973.jpg 1536w, https:\/\/lettresdepoilus-pays-de-ploermel.fr\/wp-content\/uploads\/2025\/09\/014Texte-JB-Lemoine-Mr-Amiaux-2048x1298.jpg 2048w, https:\/\/lettresdepoilus-pays-de-ploermel.fr\/wp-content\/uploads\/2025\/09\/014Texte-JB-Lemoine-Mr-Amiaux-1140x722.jpg 1140w\" sizes=\"(max-width: 1024px) 100vw, 1024px\" \/><\/figure>\n<\/div>\n<\/div>\n\n\n\n<p class=\"has-background has-medium-font-size\" style=\"background-color:#93f4d1\"><strong><em>St-Cyr, le 13 janvier 1915.<\/em><\/strong>                                                                                                                               <em>Jean-Baptiste Lemoine \u00e0 son filleul Joseph Amiaux. <\/em>                                                                  <em>Mon cher Joseph,<br>Je te remercie de tes bons v\u0153ux et je vois que tu n&rsquo;oublies pas ton parrain quoique \u00e9tant assez \u00e9loign\u00e9 de toi. Ce serait pr\u00e9f\u00e9rable pour moi d&rsquo;en \u00eatre plus rapproch\u00e9. Je commence \u00e0 m&rsquo;ennuyer, il y a cinq mois que je suis parti et je ne sais pas quand cela finira.<br>Je vais me promener \u00e0 Paris tous les quinze jours, cela distrait un peu.<br>Je vous embrasse tous.<br>Ton parrain qui t&rsquo;aime.<\/em> <em>Jean-Baptiste Lemoine<\/em>.<\/p>\n\n\n\n<hr class=\"wp-block-separator has-alpha-channel-opacity\"\/>\n\n\n\n<div class=\"wp-block-columns is-layout-flex wp-container-core-columns-is-layout-9d6595d7 wp-block-columns-is-layout-flex\">\n<div class=\"wp-block-column is-layout-flow wp-block-column-is-layout-flow\">\n<figure class=\"wp-block-image size-large\"><img loading=\"lazy\" decoding=\"async\" width=\"1024\" height=\"650\" src=\"https:\/\/lettresdepoilus-pays-de-ploermel.fr\/wp-content\/uploads\/2025\/09\/041Photo-1024x650.jpg\" alt=\"\" class=\"wp-image-17619\" srcset=\"https:\/\/lettresdepoilus-pays-de-ploermel.fr\/wp-content\/uploads\/2025\/09\/041Photo-1024x650.jpg 1024w, https:\/\/lettresdepoilus-pays-de-ploermel.fr\/wp-content\/uploads\/2025\/09\/041Photo-300x191.jpg 300w, https:\/\/lettresdepoilus-pays-de-ploermel.fr\/wp-content\/uploads\/2025\/09\/041Photo-768x488.jpg 768w, https:\/\/lettresdepoilus-pays-de-ploermel.fr\/wp-content\/uploads\/2025\/09\/041Photo-1536x976.jpg 1536w, https:\/\/lettresdepoilus-pays-de-ploermel.fr\/wp-content\/uploads\/2025\/09\/041Photo-2048x1301.jpg 2048w, https:\/\/lettresdepoilus-pays-de-ploermel.fr\/wp-content\/uploads\/2025\/09\/041Photo-1140x724.jpg 1140w\" sizes=\"(max-width: 1024px) 100vw, 1024px\" \/><\/figure>\n<\/div>\n\n\n\n<div class=\"wp-block-column is-layout-flow wp-block-column-is-layout-flow\">\n<figure class=\"wp-block-image size-large\"><img loading=\"lazy\" decoding=\"async\" width=\"1024\" height=\"636\" src=\"https:\/\/lettresdepoilus-pays-de-ploermel.fr\/wp-content\/uploads\/2025\/09\/041Texte-1024x636.jpg\" alt=\"\" class=\"wp-image-17618\" srcset=\"https:\/\/lettresdepoilus-pays-de-ploermel.fr\/wp-content\/uploads\/2025\/09\/041Texte-1024x636.jpg 1024w, https:\/\/lettresdepoilus-pays-de-ploermel.fr\/wp-content\/uploads\/2025\/09\/041Texte-300x186.jpg 300w, https:\/\/lettresdepoilus-pays-de-ploermel.fr\/wp-content\/uploads\/2025\/09\/041Texte-768x477.jpg 768w, https:\/\/lettresdepoilus-pays-de-ploermel.fr\/wp-content\/uploads\/2025\/09\/041Texte-1536x954.jpg 1536w, https:\/\/lettresdepoilus-pays-de-ploermel.fr\/wp-content\/uploads\/2025\/09\/041Texte-2048x1272.jpg 2048w, https:\/\/lettresdepoilus-pays-de-ploermel.fr\/wp-content\/uploads\/2025\/09\/041Texte-1140x708.jpg 1140w\" sizes=\"(max-width: 1024px) 100vw, 1024px\" \/><\/figure>\n<\/div>\n<\/div>\n\n\n\n<p class=\"has-background has-medium-font-size\" style=\"background-color:#93f4d1\"><em><strong>Saint-R\u00e9my, le 11 janvier 1916.<\/strong><br>Ma ch\u00e8re Maman,<\/em> <em>Quinze jours se sont d\u00e9j\u00e0 \u00e9coul\u00e9s depuis notre s\u00e9paration ; malgr\u00e9 l&rsquo;ennui le temps passe encore assez vite et la guerre ne fini pas. je pensais partir de saint R\u00e9my cette semaine, mais non, il y a eu contrordre, nous allons encore rester un moment, autant vaut ici qu&rsquo;ailleurs surtout que l&rsquo;on ne serait pas mieux ailleurs. Joseph Amiaux m&rsquo;a \u00e9crit qu&rsquo;il allait \u00e0 Versailles. S&rsquo;il va au camp de Satory, il pourra voir E. Moy qui est l\u00e0 depuis longtemps. Comme nouvelles , je ne vois pas grand chose \u00e0 te raconter. je suis toujours en bonne sant\u00e9. j&rsquo;esp\u00e8re que ma carte te trouvera ainsi. je t&#8217;embrasse bien affectueusement ainsi que Eug\u00e8ne et sa petite famille. Ton fils qui t&rsquo;aime.<\/em><\/p>\n\n\n\n<hr class=\"wp-block-separator has-alpha-channel-opacity\"\/>\n\n\n\n<figure class=\"wp-block-image size-large\"><img loading=\"lazy\" decoding=\"async\" width=\"1024\" height=\"667\" src=\"https:\/\/lettresdepoilus-pays-de-ploermel.fr\/wp-content\/uploads\/2025\/09\/005Photo-JB-Lemoine-Soeur-1024x667.jpg\" alt=\"\" class=\"wp-image-17623\" srcset=\"https:\/\/lettresdepoilus-pays-de-ploermel.fr\/wp-content\/uploads\/2025\/09\/005Photo-JB-Lemoine-Soeur-1024x667.jpg 1024w, https:\/\/lettresdepoilus-pays-de-ploermel.fr\/wp-content\/uploads\/2025\/09\/005Photo-JB-Lemoine-Soeur-300x196.jpg 300w, https:\/\/lettresdepoilus-pays-de-ploermel.fr\/wp-content\/uploads\/2025\/09\/005Photo-JB-Lemoine-Soeur-768x501.jpg 768w, https:\/\/lettresdepoilus-pays-de-ploermel.fr\/wp-content\/uploads\/2025\/09\/005Photo-JB-Lemoine-Soeur-1536x1001.jpg 1536w, https:\/\/lettresdepoilus-pays-de-ploermel.fr\/wp-content\/uploads\/2025\/09\/005Photo-JB-Lemoine-Soeur-2048x1335.jpg 2048w, https:\/\/lettresdepoilus-pays-de-ploermel.fr\/wp-content\/uploads\/2025\/09\/005Photo-JB-Lemoine-Soeur-1140x743.jpg 1140w\" sizes=\"(max-width: 1024px) 100vw, 1024px\" \/><\/figure>\n\n\n\n<div style=\"height:30px\" aria-hidden=\"true\" class=\"wp-block-spacer\"><\/div>\n\n\n\n<div class=\"wp-block-columns is-layout-flex wp-container-core-columns-is-layout-9d6595d7 wp-block-columns-is-layout-flex\">\n<div class=\"wp-block-column is-layout-flow wp-block-column-is-layout-flow\">\n<figure class=\"wp-block-image size-full is-resized\"><img loading=\"lazy\" decoding=\"async\" width=\"1685\" height=\"2560\" src=\"https:\/\/lettresdepoilus-pays-de-ploermel.fr\/wp-content\/uploads\/2025\/09\/005Texte-JB-Lemoine-Soeur-scaled.jpg\" alt=\"\" class=\"wp-image-17494\" style=\"width:399px;height:auto\" srcset=\"https:\/\/lettresdepoilus-pays-de-ploermel.fr\/wp-content\/uploads\/2025\/09\/005Texte-JB-Lemoine-Soeur-scaled.jpg 1685w, https:\/\/lettresdepoilus-pays-de-ploermel.fr\/wp-content\/uploads\/2025\/09\/005Texte-JB-Lemoine-Soeur-197x300.jpg 197w\" sizes=\"(max-width: 1685px) 100vw, 1685px\" \/><\/figure>\n<\/div>\n\n\n\n<div class=\"wp-block-column is-layout-flow wp-block-column-is-layout-flow\">\n<p class=\"has-background has-medium-font-size\" style=\"background-color:#93f4d1\"><em><strong>Brest, le 14 avril 1916.<\/strong><br>Ma ch\u00e8re s\u0153ur,<\/em> <em>J&rsquo;ai bien re\u00e7u ta lettre qui m&rsquo;a fait bien plaisir quoique les nouvelles que tu me donnes m&rsquo;ennuient beaucoup au sujet de maman surtout que je m&rsquo;\u00e9loigne encore de vous. Nous sommes \u00e0 120 \u00e0 partir pour aller \u00e0 Cr\u00e9teil \u00e0 environ 20km de Paris ; sans doute pour ne pas y rester tr\u00e8s longtemps. Nous sommes vers\u00e9s au 83e r\u00e9giment d&rsquo;artillerie lourde. Je ne compte plus aller vous voir tout de suite. Aussit\u00f4t rendu \u00e0 mon nouveau cantonnement, je te donnerai mon adresse malgr\u00e9 l&rsquo;ennui. Je suis en bonne sant\u00e9 et je souhaite que vous soyez tous ainsi. Bien le bonjour \u00e0 maman et \u00e0 Eug\u00e9nie. <\/em>                   <em>Ton fr\u00e8re qui t&rsquo;aime.<\/em><\/p>\n<\/div>\n<\/div>\n\n\n\n<!-- Bouton retour en haut avec chevron SVG -->\r\n<style>\r\n#backToTop {\r\n  display: none; \/* cach\u00e9 par d\u00e9faut *\/\r\n  position: fixed;\r\n  bottom: 30px;\r\n  right: 30px;\r\n  z-index: 99;\r\n  border: none;\r\n  outline: none;\r\n  background-color: #444;\r\n  cursor: pointer;\r\n  padding: 12px;\r\n  border-radius: 50%;\r\n  transition: 0.3s;\r\n}\r\n\r\n#backToTop:hover {\r\n  background-color: #222;\r\n}\r\n\r\n#backToTop svg {\r\n  width: 22px;\r\n  height: 22px;\r\n  stroke: white;\r\n  stroke-width: 2.5;\r\n  fill: none;\r\n}\r\n<\/style>\r\n\r\n<button id=\"backToTop\" title=\"Retour en haut\">\r\n  <svg xmlns=\"http:\/\/www.w3.org\/2000\/svg\" viewBox=\"0 0 24 24\">\r\n    <polyline points=\"18 15 12 9 6 15\"\/>\r\n  <\/svg>\r\n<\/button>\r\n\r\n<script>\r\ndocument.addEventListener(\"DOMContentLoaded\", function() {\r\n  let btn = document.getElementById(\"backToTop\");\r\n\r\n  \/\/ Affiche ou cache le bouton selon le scroll\r\n  window.addEventListener(\"scroll\", function() {\r\n    if (document.body.scrollTop > 200 || document.documentElement.scrollTop > 200) {\r\n      btn.style.display = \"block\";\r\n    } else {\r\n      btn.style.display = \"none\";\r\n    }\r\n  });\r\n\r\n  \/\/ Clique -> retour en haut\r\n  btn.addEventListener(\"click\", function() {\r\n    window.scrollTo({ top: 0, behavior: \"smooth\" });\r\n  });\r\n});\r\n<\/script>\n\n\n\n<p><\/p>\n","protected":false},"excerpt":{"rendered":"<p>Brest, le 4 octobre 1914.Jean-Baptiste Lemoine \u00e0 Joseph Amiaux. G. Pattier a d\u00fb vous souhaiter le bonjour de ma part, je ne l&rsquo;ai pas vu depuis son retour de permission, il est parti a 5 km de Brest. Je suis toujours en bonne sant\u00e9 et j&rsquo;esp\u00e8re que vous \u00eates tous ainsi. Donnez moi quelques nouvelles du pays cela me fera plaisir, en attendant le plaisir de se revoir.Je vous embrasse tous.Jean-Baptiste. Territorial &#8211; 3e R\u00e9giment Art.40. St Cyr, le 2 d\u00e9cembre 1914. Ma ch\u00e8re m\u00e8re, Je viens de recevoir une carte d&rsquo;Eug\u00e9nie et une de Rose. Les correspondances mettent du temps \u00e0 venir. Ici, rien de nouveau ; je suis dans un fort depuis quinze jours et je ne sors pas beaucoup. En attendant le plaisir de te voir. je t&#8217;embrasse.Jean Baptiste Lemoine. Saint Cyr, le 28 d\u00e9cembre 1914. Correspondance militaireJean-Baptiste Lemoine \u00e0 Joseph Amiaux. Je vous envoie mes meilleurs v\u0153ux et souhaits de bonne et heureuse ann\u00e9e et de bonne sant\u00e9. Qu&rsquo;elle soit meilleure que les cinq mois que nous venons d&rsquo;\u00e9prouver. Je vous embrasse tous. Votre fr\u00e8re qui vous aime.Jean-Baptiste Lemoine. St-Cyr, le 13 janvier 1915. Jean-Baptiste Lemoine \u00e0 son filleul Joseph Amiaux. Mon cher Joseph,Je te remercie de tes bons v\u0153ux et je vois que tu n&rsquo;oublies pas ton parrain quoique \u00e9tant assez \u00e9loign\u00e9 de toi. Ce serait pr\u00e9f\u00e9rable pour moi d&rsquo;en \u00eatre plus rapproch\u00e9. Je commence \u00e0 m&rsquo;ennuyer, il y a cinq mois que je suis parti et je ne sais pas quand cela finira.Je vais me promener \u00e0 Paris tous les quinze jours, cela distrait un peu.Je vous embrasse tous.Ton parrain qui t&rsquo;aime. Jean-Baptiste Lemoine. Saint-R\u00e9my, le 11 janvier 1916.Ma ch\u00e8re Maman, Quinze jours se sont d\u00e9j\u00e0 \u00e9coul\u00e9s depuis notre s\u00e9paration ; malgr\u00e9 l&rsquo;ennui le temps passe encore assez vite et la guerre ne fini pas. je pensais partir de saint R\u00e9my cette semaine, mais non, il y a eu contrordre, nous allons encore rester un moment, autant vaut ici qu&rsquo;ailleurs surtout que l&rsquo;on ne serait pas mieux ailleurs. Joseph Amiaux m&rsquo;a \u00e9crit qu&rsquo;il allait \u00e0 Versailles. S&rsquo;il va au camp de Satory, il pourra voir E. Moy qui est l\u00e0 depuis longtemps. Comme nouvelles , je ne vois pas grand chose \u00e0 te raconter. je suis toujours en bonne sant\u00e9. j&rsquo;esp\u00e8re que ma carte te trouvera ainsi. je t&#8217;embrasse bien affectueusement ainsi que Eug\u00e8ne et sa petite famille. Ton fils qui t&rsquo;aime. Brest, le 14 avril 1916.Ma ch\u00e8re s\u0153ur, J&rsquo;ai bien re\u00e7u ta lettre qui m&rsquo;a fait bien plaisir quoique les nouvelles que tu me donnes m&rsquo;ennuient beaucoup au sujet de maman surtout que je m&rsquo;\u00e9loigne encore de vous. Nous sommes \u00e0 120 \u00e0 partir pour aller \u00e0 Cr\u00e9teil \u00e0 environ 20km de Paris ; sans doute pour ne pas y rester tr\u00e8s longtemps. Nous sommes vers\u00e9s au 83e r\u00e9giment d&rsquo;artillerie lourde. Je ne compte plus aller vous voir tout de suite. Aussit\u00f4t rendu \u00e0 mon nouveau cantonnement, je te donnerai mon adresse malgr\u00e9 l&rsquo;ennui. Je suis en bonne sant\u00e9 et je souhaite que vous soyez tous ainsi. Bien le bonjour \u00e0 maman et \u00e0 Eug\u00e9nie. Ton fr\u00e8re qui t&rsquo;aime.<\/p>\n","protected":false},"author":1,"featured_media":0,"parent":0,"menu_order":0,"comment_status":"closed","ping_status":"closed","template":"","meta":{"iawp_total_views":16,"footnotes":""},"class_list":["post-17493","page","type-page","status-publish","hentry"],"acf":[],"_links":{"self":[{"href":"https:\/\/lettresdepoilus-pays-de-ploermel.fr\/index.php\/wp-json\/wp\/v2\/pages\/17493","targetHints":{"allow":["GET"]}}],"collection":[{"href":"https:\/\/lettresdepoilus-pays-de-ploermel.fr\/index.php\/wp-json\/wp\/v2\/pages"}],"about":[{"href":"https:\/\/lettresdepoilus-pays-de-ploermel.fr\/index.php\/wp-json\/wp\/v2\/types\/page"}],"author":[{"embeddable":true,"href":"https:\/\/lettresdepoilus-pays-de-ploermel.fr\/index.php\/wp-json\/wp\/v2\/users\/1"}],"replies":[{"embeddable":true,"href":"https:\/\/lettresdepoilus-pays-de-ploermel.fr\/index.php\/wp-json\/wp\/v2\/comments?post=17493"}],"version-history":[{"count":8,"href":"https:\/\/lettresdepoilus-pays-de-ploermel.fr\/index.php\/wp-json\/wp\/v2\/pages\/17493\/revisions"}],"predecessor-version":[{"id":17890,"href":"https:\/\/lettresdepoilus-pays-de-ploermel.fr\/index.php\/wp-json\/wp\/v2\/pages\/17493\/revisions\/17890"}],"wp:attachment":[{"href":"https:\/\/lettresdepoilus-pays-de-ploermel.fr\/index.php\/wp-json\/wp\/v2\/media?parent=17493"}],"curies":[{"name":"wp","href":"https:\/\/api.w.org\/{rel}","templated":true}]}}