{"id":17485,"date":"2025-10-04T11:48:24","date_gmt":"2025-10-04T09:48:24","guid":{"rendered":"https:\/\/lettresdepoilus-pays-de-ploermel.fr\/?page_id=17485"},"modified":"2025-10-05T18:30:29","modified_gmt":"2025-10-05T16:30:29","slug":"alfred-legal-a-ecrit","status":"publish","type":"page","link":"https:\/\/lettresdepoilus-pays-de-ploermel.fr\/index.php\/alfred-legal-a-ecrit\/","title":{"rendered":"Alfred LEGAL a \u00e9crit &#8230;"},"content":{"rendered":"\n<div class=\"wp-block-columns is-layout-flex wp-container-core-columns-is-layout-9d6595d7 wp-block-columns-is-layout-flex\">\n<div class=\"wp-block-column is-layout-flow wp-block-column-is-layout-flow\">\n<figure class=\"wp-block-image size-large\"><img fetchpriority=\"high\" decoding=\"async\" width=\"1024\" height=\"641\" src=\"https:\/\/lettresdepoilus-pays-de-ploermel.fr\/wp-content\/uploads\/2025\/09\/001Texte-Legal-Joseph-1024x641.jpg\" alt=\"\" class=\"wp-image-17486\" srcset=\"https:\/\/lettresdepoilus-pays-de-ploermel.fr\/wp-content\/uploads\/2025\/09\/001Texte-Legal-Joseph-1024x641.jpg 1024w, https:\/\/lettresdepoilus-pays-de-ploermel.fr\/wp-content\/uploads\/2025\/09\/001Texte-Legal-Joseph-300x188.jpg 300w, https:\/\/lettresdepoilus-pays-de-ploermel.fr\/wp-content\/uploads\/2025\/09\/001Texte-Legal-Joseph-768x481.jpg 768w, https:\/\/lettresdepoilus-pays-de-ploermel.fr\/wp-content\/uploads\/2025\/09\/001Texte-Legal-Joseph-1536x962.jpg 1536w, https:\/\/lettresdepoilus-pays-de-ploermel.fr\/wp-content\/uploads\/2025\/09\/001Texte-Legal-Joseph-2048x1283.jpg 2048w, https:\/\/lettresdepoilus-pays-de-ploermel.fr\/wp-content\/uploads\/2025\/09\/001Texte-Legal-Joseph-1140x714.jpg 1140w\" sizes=\"(max-width: 1024px) 100vw, 1024px\" \/><\/figure>\n<\/div>\n\n\n\n<div class=\"wp-block-column is-layout-flow wp-block-column-is-layout-flow\">\n<figure class=\"wp-block-image size-large\"><img decoding=\"async\" width=\"1024\" height=\"643\" src=\"https:\/\/lettresdepoilus-pays-de-ploermel.fr\/wp-content\/uploads\/2025\/09\/001Photo-Legal-Joseph-1024x643.jpg\" alt=\"\" class=\"wp-image-17628\" srcset=\"https:\/\/lettresdepoilus-pays-de-ploermel.fr\/wp-content\/uploads\/2025\/09\/001Photo-Legal-Joseph-1024x643.jpg 1024w, https:\/\/lettresdepoilus-pays-de-ploermel.fr\/wp-content\/uploads\/2025\/09\/001Photo-Legal-Joseph-300x188.jpg 300w, https:\/\/lettresdepoilus-pays-de-ploermel.fr\/wp-content\/uploads\/2025\/09\/001Photo-Legal-Joseph-768x482.jpg 768w, https:\/\/lettresdepoilus-pays-de-ploermel.fr\/wp-content\/uploads\/2025\/09\/001Photo-Legal-Joseph-1536x964.jpg 1536w, https:\/\/lettresdepoilus-pays-de-ploermel.fr\/wp-content\/uploads\/2025\/09\/001Photo-Legal-Joseph-2048x1285.jpg 2048w, https:\/\/lettresdepoilus-pays-de-ploermel.fr\/wp-content\/uploads\/2025\/09\/001Photo-Legal-Joseph-1140x715.jpg 1140w\" sizes=\"(max-width: 1024px) 100vw, 1024px\" \/><\/figure>\n<\/div>\n<\/div>\n\n\n\n<p class=\"has-black-color has-pale-cyan-blue-background-color has-text-color has-background has-link-color has-medium-font-size wp-elements-272b0ac89ce16133d602a39babc33c2e\"> <br><strong><em>Nantes (Loire Inf\u00e9rieure), le 7 mai 1916.<\/em><\/strong><br><em>Mon vieux poilu,<\/em> <em>Je suis depuis une huitaine de jours dans la grande ville de Nantes. C&rsquo;est plus chic qu&rsquo;au vieux Porho\u00ebt et le travail est plus int\u00e9ressant. Je ne travaille que 9 heures par jour et le dimanche repos toute la journ\u00e9e. je gagne 6 fois plus qu&rsquo;\u00e0 la ?; mais il me faut payer ma pension. Je ne fais pas un brin de nettoyage ; c&rsquo;est ce qui me plait. Et toi, parle-t-on de vous envoyer sur le front ? Au revoir, re\u00e7ois de ton copain une cordiale poign\u00e9e de main.<br>Alfred<br>Joseph Amiaux, 1er g\u00e9nie, Cie=5\/27, 3e section, 40e escouade. Versailles (Seine et Oise)<\/em><\/p>\n\n\n\n<hr class=\"wp-block-separator has-alpha-channel-opacity\"\/>\n\n\n\n<div class=\"wp-block-columns is-layout-flex wp-container-core-columns-is-layout-9d6595d7 wp-block-columns-is-layout-flex\">\n<div class=\"wp-block-column is-layout-flow wp-block-column-is-layout-flow\">\n<figure class=\"wp-block-image size-large is-resized\"><img decoding=\"async\" width=\"1024\" height=\"662\" src=\"https:\/\/lettresdepoilus-pays-de-ploermel.fr\/wp-content\/uploads\/2025\/09\/003Texte-Legal-Joseph-1024x662.jpg\" alt=\"\" class=\"wp-image-17487\" style=\"width:404px;height:auto\" srcset=\"https:\/\/lettresdepoilus-pays-de-ploermel.fr\/wp-content\/uploads\/2025\/09\/003Texte-Legal-Joseph-1024x662.jpg 1024w, https:\/\/lettresdepoilus-pays-de-ploermel.fr\/wp-content\/uploads\/2025\/09\/003Texte-Legal-Joseph-300x194.jpg 300w, https:\/\/lettresdepoilus-pays-de-ploermel.fr\/wp-content\/uploads\/2025\/09\/003Texte-Legal-Joseph-768x496.jpg 768w, https:\/\/lettresdepoilus-pays-de-ploermel.fr\/wp-content\/uploads\/2025\/09\/003Texte-Legal-Joseph-1536x992.jpg 1536w, https:\/\/lettresdepoilus-pays-de-ploermel.fr\/wp-content\/uploads\/2025\/09\/003Texte-Legal-Joseph-2048x1323.jpg 2048w, https:\/\/lettresdepoilus-pays-de-ploermel.fr\/wp-content\/uploads\/2025\/09\/003Texte-Legal-Joseph-1140x737.jpg 1140w\" sizes=\"(max-width: 1024px) 100vw, 1024px\" \/><\/figure>\n<\/div>\n\n\n\n<div class=\"wp-block-column is-layout-flow wp-block-column-is-layout-flow\">\n<figure class=\"wp-block-image size-large\"><img loading=\"lazy\" decoding=\"async\" width=\"1024\" height=\"642\" src=\"https:\/\/lettresdepoilus-pays-de-ploermel.fr\/wp-content\/uploads\/2025\/09\/003Photo-LeGal-Joseph-1024x642.jpg\" alt=\"\" class=\"wp-image-17629\" srcset=\"https:\/\/lettresdepoilus-pays-de-ploermel.fr\/wp-content\/uploads\/2025\/09\/003Photo-LeGal-Joseph-1024x642.jpg 1024w, https:\/\/lettresdepoilus-pays-de-ploermel.fr\/wp-content\/uploads\/2025\/09\/003Photo-LeGal-Joseph-300x188.jpg 300w, https:\/\/lettresdepoilus-pays-de-ploermel.fr\/wp-content\/uploads\/2025\/09\/003Photo-LeGal-Joseph-768x482.jpg 768w, https:\/\/lettresdepoilus-pays-de-ploermel.fr\/wp-content\/uploads\/2025\/09\/003Photo-LeGal-Joseph-1536x963.jpg 1536w, https:\/\/lettresdepoilus-pays-de-ploermel.fr\/wp-content\/uploads\/2025\/09\/003Photo-LeGal-Joseph-2048x1284.jpg 2048w, https:\/\/lettresdepoilus-pays-de-ploermel.fr\/wp-content\/uploads\/2025\/09\/003Photo-LeGal-Joseph-1140x715.jpg 1140w\" sizes=\"(max-width: 1024px) 100vw, 1024px\" \/><\/figure>\n<\/div>\n<\/div>\n\n\n\n<p class=\"has-pale-cyan-blue-background-color has-background has-medium-font-size\"><br><strong><em>Nantes (Loire Inf\u00e9rieure), le 12 octobre 1916.<\/em><\/strong> <em>Mon vieux poteau,<\/em> <em>Tu vas dire que j&rsquo;oublie les copains, Oh ! non, j&rsquo;ai re\u00e7u ta carte l&rsquo;autre jour et t&rsquo;en remercie. Ah oui, on parle de nous faire passer le Conseil au mois de Novembre, D\u00e9cembre. Je n&rsquo;ai gu\u00e8re envie d&rsquo;y aller tu sais, maintenant que je gagne 200 balles par mois. J&rsquo;esp\u00e8re bien rester encore un an aussi. Pour les poules dont tu me parles ; ici, on en voit plein les rues mais pas \u00e0 plumes. Mais j&rsquo;en ai encore jamais vu \u00e0 poil non plus. ce n&rsquo;est pourtant pas l&rsquo;envie qui me manque. Tu sais, \u00e0 part \u00e7a, rien de neuf. Il faut absolument qu&rsquo;on aille nous les Poilus du 18 vous aussi les potes de Berlin. Au revoir vieille branche.<\/em><\/p>\n\n\n\n<p><\/p>\n\n\n\n<hr class=\"wp-block-separator has-alpha-channel-opacity\"\/>\n\n\n\n<div class=\"wp-block-columns is-layout-flex wp-container-core-columns-is-layout-9d6595d7 wp-block-columns-is-layout-flex\">\n<div class=\"wp-block-column is-layout-flow wp-block-column-is-layout-flow\">\n<figure class=\"wp-block-image size-large\"><img loading=\"lazy\" decoding=\"async\" width=\"1024\" height=\"632\" src=\"https:\/\/lettresdepoilus-pays-de-ploermel.fr\/wp-content\/uploads\/2025\/09\/004Photo-LeGal-Joseph-1024x632.jpg\" alt=\"\" class=\"wp-image-17630\" srcset=\"https:\/\/lettresdepoilus-pays-de-ploermel.fr\/wp-content\/uploads\/2025\/09\/004Photo-LeGal-Joseph-1024x632.jpg 1024w, https:\/\/lettresdepoilus-pays-de-ploermel.fr\/wp-content\/uploads\/2025\/09\/004Photo-LeGal-Joseph-300x185.jpg 300w, https:\/\/lettresdepoilus-pays-de-ploermel.fr\/wp-content\/uploads\/2025\/09\/004Photo-LeGal-Joseph-768x474.jpg 768w, https:\/\/lettresdepoilus-pays-de-ploermel.fr\/wp-content\/uploads\/2025\/09\/004Photo-LeGal-Joseph-1536x949.jpg 1536w, https:\/\/lettresdepoilus-pays-de-ploermel.fr\/wp-content\/uploads\/2025\/09\/004Photo-LeGal-Joseph-2048x1265.jpg 2048w, https:\/\/lettresdepoilus-pays-de-ploermel.fr\/wp-content\/uploads\/2025\/09\/004Photo-LeGal-Joseph-1140x704.jpg 1140w\" sizes=\"(max-width: 1024px) 100vw, 1024px\" \/><\/figure>\n<\/div>\n\n\n\n<div class=\"wp-block-column is-layout-flow wp-block-column-is-layout-flow\">\n<figure class=\"wp-block-image size-large is-resized\"><img loading=\"lazy\" decoding=\"async\" width=\"1024\" height=\"643\" src=\"https:\/\/lettresdepoilus-pays-de-ploermel.fr\/wp-content\/uploads\/2025\/09\/004Texte-LeGal-Joseph-1024x643.jpg\" alt=\"\" class=\"wp-image-17489\" style=\"width:403px;height:auto\" srcset=\"https:\/\/lettresdepoilus-pays-de-ploermel.fr\/wp-content\/uploads\/2025\/09\/004Texte-LeGal-Joseph-1024x643.jpg 1024w, https:\/\/lettresdepoilus-pays-de-ploermel.fr\/wp-content\/uploads\/2025\/09\/004Texte-LeGal-Joseph-300x188.jpg 300w, https:\/\/lettresdepoilus-pays-de-ploermel.fr\/wp-content\/uploads\/2025\/09\/004Texte-LeGal-Joseph-768x482.jpg 768w, https:\/\/lettresdepoilus-pays-de-ploermel.fr\/wp-content\/uploads\/2025\/09\/004Texte-LeGal-Joseph-1536x964.jpg 1536w, https:\/\/lettresdepoilus-pays-de-ploermel.fr\/wp-content\/uploads\/2025\/09\/004Texte-LeGal-Joseph-2048x1285.jpg 2048w, https:\/\/lettresdepoilus-pays-de-ploermel.fr\/wp-content\/uploads\/2025\/09\/004Texte-LeGal-Joseph-1140x715.jpg 1140w\" sizes=\"(max-width: 1024px) 100vw, 1024px\" \/><\/figure>\n<\/div>\n<\/div>\n\n\n\n<p class=\"has-pale-cyan-blue-background-color has-background has-medium-font-size\"><strong><em>Nantes (Loire Inf\u00e9rieure), le 11 juillet 1916.<\/em><\/strong><br><em>Mon vieux poilu,<\/em> <em>J&rsquo;ai re\u00e7u ce soir ta carte qui m&rsquo;a fait bien plaisir. J&rsquo;allais t&rsquo;\u00e9crire ces jours-ci. j&rsquo;ai voyag\u00e9 avec Barill\u00e9 l&rsquo;autre jour depuis Nantes jusqu&rsquo;\u00e0 Questembert. Il m&rsquo;a dit que Jean Laire est bon pour le service. Tu parles d&rsquo;un petit soldat, s&rsquo;il n&rsquo;a pas chang\u00e9 depuis 6 mois. j&rsquo;ai vu Brun qui passait \u00e0 Nantes il y a environ un mois mais je n&rsquo;ai pas pu lui causer. J&rsquo;ai rencontr\u00e9 une fois Marie Briend et une des filles Mignot. Ce soir, j&rsquo;ai vu le p\u00e8re Caillet ; je l&rsquo;ai bien pris pour lui en passant \u00e0 c\u00f4t\u00e9 de lui mais je ne lui ai pas caus\u00e9. Au revoir mon vieux. \u00c1 bient\u00f4t de tes nouvelles.<\/em><\/p>\n\n\n\n<hr class=\"wp-block-separator has-alpha-channel-opacity\"\/>\n\n\n\n<figure class=\"wp-block-image size-full\"><img loading=\"lazy\" decoding=\"async\" width=\"2560\" height=\"1920\" src=\"https:\/\/lettresdepoilus-pays-de-ploermel.fr\/wp-content\/uploads\/2025\/09\/099.Alfred-LeGal-scaled.jpg\" alt=\"\" class=\"wp-image-17491\" srcset=\"https:\/\/lettresdepoilus-pays-de-ploermel.fr\/wp-content\/uploads\/2025\/09\/099.Alfred-LeGal-scaled.jpg 2560w, https:\/\/lettresdepoilus-pays-de-ploermel.fr\/wp-content\/uploads\/2025\/09\/099.Alfred-LeGal-300x225.jpg 300w\" sizes=\"(max-width: 2560px) 100vw, 2560px\" \/><\/figure>\n\n\n\n<p class=\"has-pale-cyan-blue-background-color has-background has-medium-font-size\"><strong><em>Tr\u00e9dion (Morbihan), Le 27 avril 1916<\/em><\/strong><br><em>Mon vieux Joseph,<br>J&rsquo;ai re\u00e7u ce matin ta carte-lettre qui m&rsquo;a fait bien plaisir d&rsquo;avoir de tes nouvelles. Voil\u00e0 longtemps que je n&rsquo;en ai eu. Je pars demain pour Nantes, je ne sais pas si je resterai mais je t&rsquo;\u00e9crirai de l\u00e0-bas. Je suis all\u00e9 \u00e0 Plo\u00ebrmel l&rsquo;autre jour j&rsquo;avais envie de pousser jusqu&rsquo;\u00e0 la Trinit\u00e9, mais non. Je ne sais pas si je t&rsquo;ai dit que j&rsquo;avais rencontr\u00e9 D\u00e9\u2026 D\u00e9sir\u00e9 Elie pr\u00e8s d&rsquo;Elven l&rsquo;autre jour. Au revoir mon vieux Joseph, Alfred Legal, bon copain qui te la serre.<\/em><\/p>\n\n\n\n<hr class=\"wp-block-separator has-alpha-channel-opacity\"\/>\n\n\n\n<div class=\"wp-block-columns is-layout-flex wp-container-core-columns-is-layout-9d6595d7 wp-block-columns-is-layout-flex\">\n<div class=\"wp-block-column is-layout-flow wp-block-column-is-layout-flow\">\n<figure class=\"wp-block-image size-large\"><img loading=\"lazy\" decoding=\"async\" width=\"1024\" height=\"650\" src=\"https:\/\/lettresdepoilus-pays-de-ploermel.fr\/wp-content\/uploads\/2025\/10\/056Photo-LeGal-Joseph-1024x650.jpg\" alt=\"\" class=\"wp-image-17894\" srcset=\"https:\/\/lettresdepoilus-pays-de-ploermel.fr\/wp-content\/uploads\/2025\/10\/056Photo-LeGal-Joseph-1024x650.jpg 1024w, https:\/\/lettresdepoilus-pays-de-ploermel.fr\/wp-content\/uploads\/2025\/10\/056Photo-LeGal-Joseph-300x191.jpg 300w, https:\/\/lettresdepoilus-pays-de-ploermel.fr\/wp-content\/uploads\/2025\/10\/056Photo-LeGal-Joseph-768x488.jpg 768w, https:\/\/lettresdepoilus-pays-de-ploermel.fr\/wp-content\/uploads\/2025\/10\/056Photo-LeGal-Joseph-1536x975.jpg 1536w, https:\/\/lettresdepoilus-pays-de-ploermel.fr\/wp-content\/uploads\/2025\/10\/056Photo-LeGal-Joseph-2048x1301.jpg 2048w, https:\/\/lettresdepoilus-pays-de-ploermel.fr\/wp-content\/uploads\/2025\/10\/056Photo-LeGal-Joseph-1140x724.jpg 1140w\" sizes=\"(max-width: 1024px) 100vw, 1024px\" \/><\/figure>\n<\/div>\n\n\n\n<div class=\"wp-block-column is-layout-flow wp-block-column-is-layout-flow\">\n<figure class=\"wp-block-image size-large\"><img loading=\"lazy\" decoding=\"async\" width=\"1024\" height=\"651\" src=\"https:\/\/lettresdepoilus-pays-de-ploermel.fr\/wp-content\/uploads\/2025\/10\/056Texte-LeGal-Joseph-1024x651.jpg\" alt=\"\" class=\"wp-image-17895\" srcset=\"https:\/\/lettresdepoilus-pays-de-ploermel.fr\/wp-content\/uploads\/2025\/10\/056Texte-LeGal-Joseph-1024x651.jpg 1024w, https:\/\/lettresdepoilus-pays-de-ploermel.fr\/wp-content\/uploads\/2025\/10\/056Texte-LeGal-Joseph-300x191.jpg 300w, https:\/\/lettresdepoilus-pays-de-ploermel.fr\/wp-content\/uploads\/2025\/10\/056Texte-LeGal-Joseph-768x488.jpg 768w, https:\/\/lettresdepoilus-pays-de-ploermel.fr\/wp-content\/uploads\/2025\/10\/056Texte-LeGal-Joseph-1536x977.jpg 1536w, https:\/\/lettresdepoilus-pays-de-ploermel.fr\/wp-content\/uploads\/2025\/10\/056Texte-LeGal-Joseph-2048x1303.jpg 2048w, https:\/\/lettresdepoilus-pays-de-ploermel.fr\/wp-content\/uploads\/2025\/10\/056Texte-LeGal-Joseph-1140x725.jpg 1140w\" sizes=\"(max-width: 1024px) 100vw, 1024px\" \/><\/figure>\n<\/div>\n<\/div>\n\n\n\n<p class=\"has-pale-cyan-blue-background-color has-background has-medium-font-size\"><strong><em>Tr\u00e9dion (Morbihan), le 3 janvier 1916<\/em><\/strong>.                                                                                           <em>Mon vieux Joseph,<br>J&rsquo;ai re\u00e7u ce matin ta carte qui m&rsquo;a fait bien plaisir. Tu seras loin de la Trinit\u00e9 et il ne te sera pas facile de venir en permission souvent car Versailles c&rsquo;est bien loin.<br>Tu as d\u00fb bien rigoler le premier et le 2 janvier sans doute et j&rsquo;aurai bien voulu \u00eatre avec vous. Gallais va \u00eatre content d&rsquo;\u00eatre avec Feuillaf\u00e9. \u00c0 quand mon tour? Je ne le sais mais je ne tiendrais pas \u00e0 y aller maintenant car je ne suis pas assez bien portant pour \u00e7\u00e0. Ca va mieux mais je ne suis pas pr\u00e8s d&rsquo;\u00eatre compl\u00e8tement r\u00e9tabli. Et Victor Herv\u00e9 doit-il \u00eatre content d&rsquo;\u00eatre dans l&rsquo;artillerie.<br>Je pense que vous allez encore en prendre quelques bonnes cuites avant de partir.<br>Ton copain qui te serre la main.<br>\u00c9cris moi quand tu seras \u00e0 Versailles.<\/em><\/p>\n\n\n\n<hr class=\"wp-block-separator has-alpha-channel-opacity\"\/>\n\n\n\n<div class=\"wp-block-columns is-layout-flex wp-container-core-columns-is-layout-9d6595d7 wp-block-columns-is-layout-flex\">\n<div class=\"wp-block-column is-layout-flow wp-block-column-is-layout-flow\">\n<figure class=\"wp-block-image size-large\"><img loading=\"lazy\" decoding=\"async\" width=\"1024\" height=\"641\" src=\"https:\/\/lettresdepoilus-pays-de-ploermel.fr\/wp-content\/uploads\/2025\/10\/057Photo-LeGal-Joseph-1024x641.jpg\" alt=\"\" class=\"wp-image-17896\" srcset=\"https:\/\/lettresdepoilus-pays-de-ploermel.fr\/wp-content\/uploads\/2025\/10\/057Photo-LeGal-Joseph-1024x641.jpg 1024w, https:\/\/lettresdepoilus-pays-de-ploermel.fr\/wp-content\/uploads\/2025\/10\/057Photo-LeGal-Joseph-300x188.jpg 300w, https:\/\/lettresdepoilus-pays-de-ploermel.fr\/wp-content\/uploads\/2025\/10\/057Photo-LeGal-Joseph-768x481.jpg 768w, https:\/\/lettresdepoilus-pays-de-ploermel.fr\/wp-content\/uploads\/2025\/10\/057Photo-LeGal-Joseph-1536x962.jpg 1536w, https:\/\/lettresdepoilus-pays-de-ploermel.fr\/wp-content\/uploads\/2025\/10\/057Photo-LeGal-Joseph-2048x1282.jpg 2048w, https:\/\/lettresdepoilus-pays-de-ploermel.fr\/wp-content\/uploads\/2025\/10\/057Photo-LeGal-Joseph-1140x714.jpg 1140w\" sizes=\"(max-width: 1024px) 100vw, 1024px\" \/><\/figure>\n<\/div>\n\n\n\n<div class=\"wp-block-column is-layout-flow wp-block-column-is-layout-flow\">\n<figure class=\"wp-block-image size-large\"><img loading=\"lazy\" decoding=\"async\" width=\"1024\" height=\"636\" src=\"https:\/\/lettresdepoilus-pays-de-ploermel.fr\/wp-content\/uploads\/2025\/10\/057Texte-LeGal-Joseph-1024x636.jpg\" alt=\"\" class=\"wp-image-17897\" srcset=\"https:\/\/lettresdepoilus-pays-de-ploermel.fr\/wp-content\/uploads\/2025\/10\/057Texte-LeGal-Joseph-1024x636.jpg 1024w, https:\/\/lettresdepoilus-pays-de-ploermel.fr\/wp-content\/uploads\/2025\/10\/057Texte-LeGal-Joseph-300x186.jpg 300w, https:\/\/lettresdepoilus-pays-de-ploermel.fr\/wp-content\/uploads\/2025\/10\/057Texte-LeGal-Joseph-768x477.jpg 768w, https:\/\/lettresdepoilus-pays-de-ploermel.fr\/wp-content\/uploads\/2025\/10\/057Texte-LeGal-Joseph-1536x955.jpg 1536w, https:\/\/lettresdepoilus-pays-de-ploermel.fr\/wp-content\/uploads\/2025\/10\/057Texte-LeGal-Joseph-2048x1273.jpg 2048w, https:\/\/lettresdepoilus-pays-de-ploermel.fr\/wp-content\/uploads\/2025\/10\/057Texte-LeGal-Joseph-1140x708.jpg 1140w\" sizes=\"(max-width: 1024px) 100vw, 1024px\" \/><\/figure>\n<\/div>\n<\/div>\n\n\n\n<p class=\"has-pale-cyan-blue-background-color has-background has-medium-font-size\"><strong><em>Tr\u00e9dion (Morbihan), le 4 f\u00e9vrier 1916<\/em><\/strong>.                                                                                            <em>Mon cher Joseph,<br>J&rsquo;ai bien re\u00e7u tes deux cartes qui m&rsquo;annoncent ton changement d&rsquo;adresse. Je te prie d&rsquo;excuser la paresse que j&rsquo;ai eue de ne pas te r\u00e9pondre aussit\u00f4t. J&rsquo;ai rien de nouveau. Je me ballade toujours.<br>Et le m\u00e9tier \u00e7a va ? \u00c0 bient\u00f4t de tes nouvelles.<br>Re\u00e7ois une bonne poign\u00e9e de main.<\/em><\/p>\n\n\n\n<hr class=\"wp-block-separator has-alpha-channel-opacity\"\/>\n\n\n\n<!-- Bouton retour en haut avec chevron SVG -->\r\n<style>\r\n#backToTop {\r\n  display: none; \/* cach\u00e9 par d\u00e9faut *\/\r\n  position: fixed;\r\n  bottom: 30px;\r\n  right: 30px;\r\n  z-index: 99;\r\n  border: none;\r\n  outline: none;\r\n  background-color: #444;\r\n  cursor: pointer;\r\n  padding: 12px;\r\n  border-radius: 50%;\r\n  transition: 0.3s;\r\n}\r\n\r\n#backToTop:hover {\r\n  background-color: #222;\r\n}\r\n\r\n#backToTop svg {\r\n  width: 22px;\r\n  height: 22px;\r\n  stroke: white;\r\n  stroke-width: 2.5;\r\n  fill: none;\r\n}\r\n<\/style>\r\n\r\n<button id=\"backToTop\" title=\"Retour en haut\">\r\n  <svg xmlns=\"http:\/\/www.w3.org\/2000\/svg\" viewBox=\"0 0 24 24\">\r\n    <polyline points=\"18 15 12 9 6 15\"\/>\r\n  <\/svg>\r\n<\/button>\r\n\r\n<script>\r\ndocument.addEventListener(\"DOMContentLoaded\", function() {\r\n  let btn = document.getElementById(\"backToTop\");\r\n\r\n  \/\/ Affiche ou cache le bouton selon le scroll\r\n  window.addEventListener(\"scroll\", function() {\r\n    if (document.body.scrollTop > 200 || document.documentElement.scrollTop > 200) {\r\n      btn.style.display = \"block\";\r\n    } else {\r\n      btn.style.display = \"none\";\r\n    }\r\n  });\r\n\r\n  \/\/ Clique -> retour en haut\r\n  btn.addEventListener(\"click\", function() {\r\n    window.scrollTo({ top: 0, behavior: \"smooth\" });\r\n  });\r\n});\r\n<\/script>\n\n\n\n<p><\/p>\n","protected":false},"excerpt":{"rendered":"<p>Nantes (Loire Inf\u00e9rieure), le 7 mai 1916.Mon vieux poilu, Je suis depuis une huitaine de jours dans la grande ville de Nantes. C&rsquo;est plus chic qu&rsquo;au vieux Porho\u00ebt et le travail est plus int\u00e9ressant. Je ne travaille que 9 heures par jour et le dimanche repos toute la journ\u00e9e. je gagne 6 fois plus qu&rsquo;\u00e0 la ?; mais il me faut payer ma pension. Je ne fais pas un brin de nettoyage ; c&rsquo;est ce qui me plait. Et toi, parle-t-on de vous envoyer sur le front ? Au revoir, re\u00e7ois de ton copain une cordiale poign\u00e9e de main.AlfredJoseph Amiaux, 1er g\u00e9nie, Cie=5\/27, 3e section, 40e escouade. Versailles (Seine et Oise) Nantes (Loire Inf\u00e9rieure), le 12 octobre 1916. Mon vieux poteau, Tu vas dire que j&rsquo;oublie les copains, Oh ! non, j&rsquo;ai re\u00e7u ta carte l&rsquo;autre jour et t&rsquo;en remercie. Ah oui, on parle de nous faire passer le Conseil au mois de Novembre, D\u00e9cembre. Je n&rsquo;ai gu\u00e8re envie d&rsquo;y aller tu sais, maintenant que je gagne 200 balles par mois. J&rsquo;esp\u00e8re bien rester encore un an aussi. Pour les poules dont tu me parles ; ici, on en voit plein les rues mais pas \u00e0 plumes. Mais j&rsquo;en ai encore jamais vu \u00e0 poil non plus. ce n&rsquo;est pourtant pas l&rsquo;envie qui me manque. Tu sais, \u00e0 part \u00e7a, rien de neuf. Il faut absolument qu&rsquo;on aille nous les Poilus du 18 vous aussi les potes de Berlin. Au revoir vieille branche. Nantes (Loire Inf\u00e9rieure), le 11 juillet 1916.Mon vieux poilu, J&rsquo;ai re\u00e7u ce soir ta carte qui m&rsquo;a fait bien plaisir. J&rsquo;allais t&rsquo;\u00e9crire ces jours-ci. j&rsquo;ai voyag\u00e9 avec Barill\u00e9 l&rsquo;autre jour depuis Nantes jusqu&rsquo;\u00e0 Questembert. Il m&rsquo;a dit que Jean Laire est bon pour le service. Tu parles d&rsquo;un petit soldat, s&rsquo;il n&rsquo;a pas chang\u00e9 depuis 6 mois. j&rsquo;ai vu Brun qui passait \u00e0 Nantes il y a environ un mois mais je n&rsquo;ai pas pu lui causer. J&rsquo;ai rencontr\u00e9 une fois Marie Briend et une des filles Mignot. Ce soir, j&rsquo;ai vu le p\u00e8re Caillet ; je l&rsquo;ai bien pris pour lui en passant \u00e0 c\u00f4t\u00e9 de lui mais je ne lui ai pas caus\u00e9. Au revoir mon vieux. \u00c1 bient\u00f4t de tes nouvelles. Tr\u00e9dion (Morbihan), Le 27 avril 1916Mon vieux Joseph,J&rsquo;ai re\u00e7u ce matin ta carte-lettre qui m&rsquo;a fait bien plaisir d&rsquo;avoir de tes nouvelles. Voil\u00e0 longtemps que je n&rsquo;en ai eu. Je pars demain pour Nantes, je ne sais pas si je resterai mais je t&rsquo;\u00e9crirai de l\u00e0-bas. Je suis all\u00e9 \u00e0 Plo\u00ebrmel l&rsquo;autre jour j&rsquo;avais envie de pousser jusqu&rsquo;\u00e0 la Trinit\u00e9, mais non. Je ne sais pas si je t&rsquo;ai dit que j&rsquo;avais rencontr\u00e9 D\u00e9\u2026 D\u00e9sir\u00e9 Elie pr\u00e8s d&rsquo;Elven l&rsquo;autre jour. Au revoir mon vieux Joseph, Alfred Legal, bon copain qui te la serre. Tr\u00e9dion (Morbihan), le 3 janvier 1916. Mon vieux Joseph,J&rsquo;ai re\u00e7u ce matin ta carte qui m&rsquo;a fait bien plaisir. Tu seras loin de la Trinit\u00e9 et il ne te sera pas facile de venir en permission souvent car Versailles c&rsquo;est bien loin.Tu as d\u00fb bien rigoler le premier et le 2 janvier sans doute et j&rsquo;aurai bien voulu \u00eatre avec vous. Gallais va \u00eatre content d&rsquo;\u00eatre avec Feuillaf\u00e9. \u00c0 quand mon tour? Je ne le sais mais je ne tiendrais pas \u00e0 y aller maintenant car je ne suis pas assez bien portant pour \u00e7\u00e0. Ca va mieux mais je ne suis pas pr\u00e8s d&rsquo;\u00eatre compl\u00e8tement r\u00e9tabli. Et Victor Herv\u00e9 doit-il \u00eatre content d&rsquo;\u00eatre dans l&rsquo;artillerie.Je pense que vous allez encore en prendre quelques bonnes cuites avant de partir.Ton copain qui te serre la main.\u00c9cris moi quand tu seras \u00e0 Versailles. Tr\u00e9dion (Morbihan), le 4 f\u00e9vrier 1916. Mon cher Joseph,J&rsquo;ai bien re\u00e7u tes deux cartes qui m&rsquo;annoncent ton changement d&rsquo;adresse. Je te prie d&rsquo;excuser la paresse que j&rsquo;ai eue de ne pas te r\u00e9pondre aussit\u00f4t. J&rsquo;ai rien de nouveau. Je me ballade toujours.Et le m\u00e9tier \u00e7a va ? \u00c0 bient\u00f4t de tes nouvelles.Re\u00e7ois une bonne poign\u00e9e de main.<\/p>\n","protected":false},"author":1,"featured_media":0,"parent":0,"menu_order":0,"comment_status":"closed","ping_status":"closed","template":"","meta":{"iawp_total_views":20,"footnotes":""},"class_list":["post-17485","page","type-page","status-publish","hentry"],"acf":[],"_links":{"self":[{"href":"https:\/\/lettresdepoilus-pays-de-ploermel.fr\/index.php\/wp-json\/wp\/v2\/pages\/17485","targetHints":{"allow":["GET"]}}],"collection":[{"href":"https:\/\/lettresdepoilus-pays-de-ploermel.fr\/index.php\/wp-json\/wp\/v2\/pages"}],"about":[{"href":"https:\/\/lettresdepoilus-pays-de-ploermel.fr\/index.php\/wp-json\/wp\/v2\/types\/page"}],"author":[{"embeddable":true,"href":"https:\/\/lettresdepoilus-pays-de-ploermel.fr\/index.php\/wp-json\/wp\/v2\/users\/1"}],"replies":[{"embeddable":true,"href":"https:\/\/lettresdepoilus-pays-de-ploermel.fr\/index.php\/wp-json\/wp\/v2\/comments?post=17485"}],"version-history":[{"count":13,"href":"https:\/\/lettresdepoilus-pays-de-ploermel.fr\/index.php\/wp-json\/wp\/v2\/pages\/17485\/revisions"}],"predecessor-version":[{"id":17959,"href":"https:\/\/lettresdepoilus-pays-de-ploermel.fr\/index.php\/wp-json\/wp\/v2\/pages\/17485\/revisions\/17959"}],"wp:attachment":[{"href":"https:\/\/lettresdepoilus-pays-de-ploermel.fr\/index.php\/wp-json\/wp\/v2\/media?parent=17485"}],"curies":[{"name":"wp","href":"https:\/\/api.w.org\/{rel}","templated":true}]}}